{"id":32,"date":"2020-12-08T04:13:18","date_gmt":"2020-12-08T04:13:18","guid":{"rendered":"https:\/\/gaviaspreview.com\/wp\/conult\/?page_id=32"},"modified":"2023-12-19T21:16:40","modified_gmt":"2023-12-19T21:16:40","slug":"service-2","status":"publish","type":"page","link":"https:\/\/utopia-market.com\/pt\/service-2\/","title":{"rendered":"Servi\u00e7os"},"content":{"rendered":"<div data-elementor-type=\"wp-page\" data-elementor-id=\"32\" class=\"elementor elementor-32\">\n\t\t\t\t\t\t<section class=\"elementor-section elementor-top-section elementor-element elementor-element-e098fa8 elementor-section-boxed elementor-section-height-default elementor-section-height-default\" data-id=\"e098fa8\" data-element_type=\"section\" data-settings=\"{&quot;background_background&quot;:&quot;slideshow&quot;,&quot;background_slideshow_gallery&quot;:[{&quot;id&quot;:1203,&quot;url&quot;:&quot;https:\\\/\\\/gaviaspreview.com\\\/wp\\\/conult\\\/wp-content\\\/uploads\\\/2021\\\/12\\\/bg-9.jpg&quot;},{&quot;id&quot;:1008,&quot;url&quot;:&quot;https:\\\/\\\/gaviaspreview.com\\\/wp\\\/conult\\\/wp-content\\\/uploads\\\/2021\\\/10\\\/breadcrumb.jpg&quot;}],&quot;background_slideshow_ken_burns&quot;:&quot;yes&quot;,&quot;background_slideshow_loop&quot;:&quot;yes&quot;,&quot;background_slideshow_slide_duration&quot;:5000,&quot;background_slideshow_slide_transition&quot;:&quot;fade&quot;,&quot;background_slideshow_transition_duration&quot;:500,&quot;background_slideshow_ken_burns_zoom_direction&quot;:&quot;in&quot;}\">\n\t\t\t\t\t\t<div class=\"elementor-container elementor-column-gap-default\">\n\t\t\t\t\t<div class=\"elementor-column elementor-col-100 elementor-top-column elementor-element elementor-element-7606242\" data-id=\"7606242\" data-element_type=\"column\">\n\t\t\t<div class=\"elementor-widget-wrap elementor-element-populated\">\n\t\t\t\t\t\t<div class=\"elementor-element elementor-element-27dbd76 elementor-widget elementor-widget-gva-heading-block\" data-id=\"27dbd76\" data-element_type=\"widget\" data-widget_type=\"gva-heading-block.default\">\n\t\t\t\t<div class=\"elementor-widget-container\">\n\t\t\t\t\t<div class=\"gva-element-gva-heading-block gva-element\">   <div class=\"align-center style-1 widget gsc-heading box-align-left auto-responsive\">\r\n      <div class=\"content-inner\">\r\n         \r\n         \r\n         \r\n           \r\n         \r\n                     <h2 class=\"title\">\r\n               <span>Estrat\u00e9gias inteligentes. <br>\nSharp Results mercado de utopia <\/span>\r\n            <\/h2>\r\n                              <div class=\"title-desc\">A melhor empresa de consultoria empresarial com a qual voc\u00ea pode contar.<\/div>\r\n         \r\n         \r\n      <\/div>\r\n   <\/div>\r\n<\/div>\t\t\t\t<\/div>\n\t\t\t\t<\/div>\n\t\t\t\t\t<\/div>\n\t\t<\/div>\n\t\t\t\t\t<\/div>\n\t\t<\/section>\n\t\t\t\t<section class=\"elementor-section elementor-top-section elementor-element elementor-element-039bf87 elementor-section-boxed elementor-section-height-default elementor-section-height-default\" data-id=\"039bf87\" data-element_type=\"section\">\n\t\t\t\t\t\t<div class=\"elementor-container elementor-column-gap-default\">\n\t\t\t\t\t<div class=\"elementor-column elementor-col-100 elementor-top-column elementor-element elementor-element-6b817d3\" data-id=\"6b817d3\" data-element_type=\"column\">\n\t\t\t<div class=\"elementor-widget-wrap elementor-element-populated\">\n\t\t\t\t\t\t<div class=\"elementor-element elementor-element-fb26c2d elementor-widget elementor-widget-gva-heading-block\" data-id=\"fb26c2d\" data-element_type=\"widget\" data-widget_type=\"gva-heading-block.default\">\n\t\t\t\t<div class=\"elementor-widget-container\">\n\t\t\t\t\t<div class=\"gva-element-gva-heading-block gva-element\">   <div class=\"align-center style-1 widget gsc-heading box-align-center auto-responsive\">\r\n      <div class=\"content-inner\">\r\n         \r\n         \r\n         <div class=\"heading-line\"><span><\/span><span><\/span><\/div>\r\n                     <div class=\"sub-title\">\r\n               <span class=\"tagline\">O QUE ESTAMOS FAZENDO<\/span> \r\n            <\/div>\r\n           \r\n         \r\n                     <h2 class=\"title\">\r\n               <span>Servi\u00e7os que oferecemos<\/span>\r\n            <\/h2>\r\n                  \r\n         \r\n      <\/div>\r\n   <\/div>\r\n<\/div>\t\t\t\t<\/div>\n\t\t\t\t<\/div>\n\t\t\t\t<div class=\"elementor-element elementor-element-1b0b407 elementor-widget elementor-widget-gva-services-group\" data-id=\"1b0b407\" data-element_type=\"widget\" data-widget_type=\"gva-services-group.default\">\n\t\t\t\t<div class=\"elementor-widget-container\">\n\t\t\t\t\t<div class=\"gva-element-gva-services-group gva-element\">\r\n<div class=\"gsc-services-group layout-grid\">\r\n   <div class=\"lg-block-grid-3 md-block-grid-3 sm-block-grid-2 xs-block-grid-2 xx-block-grid-1\">\r\n               <div class=\"item-columns\">\r\n            \r\n\t\r\n\r\n   <div class=\"service-item style-2\">\r\n      \r\n      \t      <div class=\"service-image text-center\">\r\n\t      \t<img decoding=\"async\"  src=\"https:\/\/gaviaspreview.com\/wp\/conult\/wp-content\/uploads\/2021\/12\/image-5.jpg\" alt=\"FINANCE &lt;br&gt; CONSULTING\"\/>\r\n\t      <\/div>\r\n\t   \r\n      <div class=\"service-content\">\r\n\t\t\t<div class=\"content-inner\">\r\n\t\t\t\t\t\t\t\t\t<h3 class=\"title\"><span>CONSULTORIA <br> FINANCEIRA<\/span><\/h3>\r\n\t\t\t\t\r\n\t\t\t\t\t\t\t\t\t<span class=\"box-icon\">\r\n\t\t\t\t\t\t<i aria-hidden=\"true\" class=\"icon-conult-consumer-behavior\"><\/i>\t\t\t\t\t<\/span>\r\n\t\t\t\t\t\t\t<\/div>\t\r\n\t\t<\/div>\r\n\r\n\t\t\r\n\t\t<div class=\"service-content-hover\">\r\n\t\t\t<div class=\"content-inner\">\r\n\t\t\t\t\t\t\t\t\t<span class=\"box-icon\">\r\n\t\t\t\t\t\t<i aria-hidden=\"true\" class=\"icon-conult-consumer-behavior\"><\/i>\t\t\t\t\t<\/span>\r\n\t\t\t\t\r\n\t\t\t\t\t\t\t\t\t<h3 class=\"title\"><span>CONSULTORIA <br> FINANCEIRA<\/span><\/h3>\r\n\t\t\t\t\t\t\t\t\t\t\t\t\t<div class=\"desc\">Onde a precis\u00e3o encontra a estrat\u00e9gia, garantindo que cada d\u00f3lar de marketing ressoe, amplifique e cultive o sucesso.  <\/div>\r\n\t\t\t\t\t\t\t<\/div>\t\r\n\t\t\t<div class=\"service-background\">\r\n\t\t\t\t\t\t\t\t\t<img decoding=\"async\" src=\"https:\/\/gaviaspreview.com\/wp\/conult\/wp-content\/uploads\/2021\/12\/image-5.jpg\" alt=\"FINANCE &lt;br&gt; CONSULTING\"\/>\r\n\t\t\t\t\t\r\n\t\t\t<\/div>\r\n\t\t\t\t\t<\/div>\t\r\n\t<\/div>\r\n\t\r\n\r\n\r\n\r\n         <\/div>\r\n               <div class=\"item-columns\">\r\n            \r\n\t\r\n\r\n   <div class=\"service-item style-2\">\r\n      \r\n      \t      <div class=\"service-image text-center\">\r\n\t      \t<img decoding=\"async\"  src=\"https:\/\/gaviaspreview.com\/wp\/conult\/wp-content\/uploads\/2022\/01\/image-15.jpg\" alt=\"EARN &lt;br&gt; PER CLICK\"\/>\r\n\t      <\/div>\r\n\t   \r\n      <div class=\"service-content\">\r\n\t\t\t<div class=\"content-inner\">\r\n\t\t\t\t\t\t\t\t\t<h3 class=\"title\"><span>GANHAR <br> POR CLIQUE<\/span><\/h3>\r\n\t\t\t\t\r\n\t\t\t\t\t\t\t\t\t<span class=\"box-icon\">\r\n\t\t\t\t\t\t<i aria-hidden=\"true\" class=\"icon-conult-analysis\"><\/i>\t\t\t\t\t<\/span>\r\n\t\t\t\t\t\t\t<\/div>\t\r\n\t\t<\/div>\r\n\r\n\t\t\r\n\t\t<div class=\"service-content-hover\">\r\n\t\t\t<div class=\"content-inner\">\r\n\t\t\t\t\t\t\t\t\t<span class=\"box-icon\">\r\n\t\t\t\t\t\t<i aria-hidden=\"true\" class=\"icon-conult-analysis\"><\/i>\t\t\t\t\t<\/span>\r\n\t\t\t\t\r\n\t\t\t\t\t\t\t\t\t<h3 class=\"title\"><span>GANHAR <br> POR CLIQUE<\/span><\/h3>\r\n\t\t\t\t\t\t\t\t\t\t\t\t\t<div class=\"desc\">Cada clique, um catalisador para a prosperidade, uma dan\u00e7a algor\u00edtmica que transforma o envolvimento em fluxos de receita.<\/div>\r\n\t\t\t\t\t\t\t<\/div>\t\r\n\t\t\t<div class=\"service-background\">\r\n\t\t\t\t\t\t\t\t\t<img decoding=\"async\" src=\"https:\/\/gaviaspreview.com\/wp\/conult\/wp-content\/uploads\/2022\/01\/image-15.jpg\" alt=\"EARN &lt;br&gt; PER CLICK\"\/>\r\n\t\t\t\t\t\r\n\t\t\t<\/div>\r\n\t\t\t\t\t<\/div>\t\r\n\t<\/div>\r\n\t\r\n\r\n\r\n\r\n         <\/div>\r\n               <div class=\"item-columns\">\r\n            \r\n\t\r\n\r\n   <div class=\"service-item style-2\">\r\n      \r\n      \t      <div class=\"service-image text-center\">\r\n\t      \t<img decoding=\"async\"  src=\"https:\/\/gaviaspreview.com\/wp\/conult\/wp-content\/uploads\/2021\/12\/image-3.jpg\" alt=\"AUDIT &lt;br&gt; MARKETING \"\/>\r\n\t      <\/div>\r\n\t   \r\n      <div class=\"service-content\">\r\n\t\t\t<div class=\"content-inner\">\r\n\t\t\t\t\t\t\t\t\t<h3 class=\"title\"><span>DE AUDITORIA <br> MARKETING <\/span><\/h3>\r\n\t\t\t\t\r\n\t\t\t\t\t\t\t\t\t<span class=\"box-icon\">\r\n\t\t\t\t\t\t<i aria-hidden=\"true\" class=\"icon-conult-strategy\"><\/i>\t\t\t\t\t<\/span>\r\n\t\t\t\t\t\t\t<\/div>\t\r\n\t\t<\/div>\r\n\r\n\t\t\r\n\t\t<div class=\"service-content-hover\">\r\n\t\t\t<div class=\"content-inner\">\r\n\t\t\t\t\t\t\t\t\t<span class=\"box-icon\">\r\n\t\t\t\t\t\t<i aria-hidden=\"true\" class=\"icon-conult-strategy\"><\/i>\t\t\t\t\t<\/span>\r\n\t\t\t\t\r\n\t\t\t\t\t\t\t\t\t<h3 class=\"title\"><span>DE AUDITORIA <br> MARKETING <\/span><\/h3>\r\n\t\t\t\t\t\t\t\t\t\t\t\t\t<div class=\"desc\">Uma auditoria n\u00e3o se trata apenas de n\u00fameros; \u00e9 preciso decodificar a hist\u00f3ria por tr\u00e1s de cada a\u00e7\u00e3o de marketing.<\/div>\r\n\t\t\t\t\t\t\t<\/div>\t\r\n\t\t\t<div class=\"service-background\">\r\n\t\t\t\t\t\t\t\t\t<img decoding=\"async\" src=\"https:\/\/gaviaspreview.com\/wp\/conult\/wp-content\/uploads\/2021\/12\/image-3.jpg\" alt=\"AUDIT &lt;br&gt; MARKETING \"\/>\r\n\t\t\t\t\t\r\n\t\t\t<\/div>\r\n\t\t\t\t\t<\/div>\t\r\n\t<\/div>\r\n\t\r\n\r\n\r\n\r\n         <\/div>\r\n               <div class=\"item-columns\">\r\n            \r\n\t\r\n\r\n   <div class=\"service-item style-2\">\r\n      \r\n      \t      <div class=\"service-image text-center\">\r\n\t      \t<img decoding=\"async\"  src=\"https:\/\/gaviaspreview.com\/wp\/conult\/wp-content\/uploads\/2022\/01\/image-9.jpg\" alt=\"MARKETING&lt;br&gt; RULES\"\/>\r\n\t      <\/div>\r\n\t   \r\n      <div class=\"service-content\">\r\n\t\t\t<div class=\"content-inner\">\r\n\t\t\t\t\t\t\t\t\t<h3 class=\"title\"><span>MARKETING<br> REGRAS DE<\/span><\/h3>\r\n\t\t\t\t\r\n\t\t\t\t\t\t\t\t\t<span class=\"box-icon\">\r\n\t\t\t\t\t\t<i aria-hidden=\"true\" class=\"icon-conult-creative-1\"><\/i>\t\t\t\t\t<\/span>\r\n\t\t\t\t\t\t\t<\/div>\t\r\n\t\t<\/div>\r\n\r\n\t\t\r\n\t\t<div class=\"service-content-hover\">\r\n\t\t\t<div class=\"content-inner\">\r\n\t\t\t\t\t\t\t\t\t<span class=\"box-icon\">\r\n\t\t\t\t\t\t<i aria-hidden=\"true\" class=\"icon-conult-creative-1\"><\/i>\t\t\t\t\t<\/span>\r\n\t\t\t\t\r\n\t\t\t\t\t\t\t\t\t<h3 class=\"title\"><span>MARKETING<br> REGRAS DE<\/span><\/h3>\r\n\t\t\t\t\t\t\t\t\t\t\t\t\t<div class=\"desc\">Regras de marketing: adaptabilidade como moeda, criatividade como estrat\u00e9gia e conex\u00e3o como rei.<\/div>\r\n\t\t\t\t\t\t\t<\/div>\t\r\n\t\t\t<div class=\"service-background\">\r\n\t\t\t\t\t\t\t\t\t<img decoding=\"async\" src=\"https:\/\/gaviaspreview.com\/wp\/conult\/wp-content\/uploads\/2022\/01\/image-9.jpg\" alt=\"MARKETING&lt;br&gt; RULES\"\/>\r\n\t\t\t\t\t\r\n\t\t\t<\/div>\r\n\t\t\t\t\t<\/div>\t\r\n\t<\/div>\r\n\t\r\n\r\n\r\n\r\n         <\/div>\r\n               <div class=\"item-columns\">\r\n            \r\n\t\r\n\r\n   <div class=\"service-item style-2\">\r\n      \r\n      \t      <div class=\"service-image text-center\">\r\n\t      \t<img decoding=\"async\"  src=\"https:\/\/gaviaspreview.com\/wp\/conult\/wp-content\/uploads\/2022\/01\/image-8.jpg\" alt=\"BUSINESS&lt;br&gt; GROWTH\"\/>\r\n\t      <\/div>\r\n\t   \r\n      <div class=\"service-content\">\r\n\t\t\t<div class=\"content-inner\">\r\n\t\t\t\t\t\t\t\t\t<h3 class=\"title\"><span>CRESCIMENTO<br> DOS NEG\u00d3CIOS<\/span><\/h3>\r\n\t\t\t\t\r\n\t\t\t\t\t\t\t\t\t<span class=\"box-icon\">\r\n\t\t\t\t\t\t<i aria-hidden=\"true\" class=\"icon-conult-mobile-analytics\"><\/i>\t\t\t\t\t<\/span>\r\n\t\t\t\t\t\t\t<\/div>\t\r\n\t\t<\/div>\r\n\r\n\t\t\r\n\t\t<div class=\"service-content-hover\">\r\n\t\t\t<div class=\"content-inner\">\r\n\t\t\t\t\t\t\t\t\t<span class=\"box-icon\">\r\n\t\t\t\t\t\t<i aria-hidden=\"true\" class=\"icon-conult-mobile-analytics\"><\/i>\t\t\t\t\t<\/span>\r\n\t\t\t\t\r\n\t\t\t\t\t\t\t\t\t<h3 class=\"title\"><span>CRESCIMENTO<br> DOS NEG\u00d3CIOS<\/span><\/h3>\r\n\t\t\t\t\t\t\t\t\t\t\t\t\t<div class=\"desc\">Juntos, levaremos sua empresa ao est\u00e1gio da Utopia. CRESCIMENTO DOS NEG\u00d3CIOS<\/div>\r\n\t\t\t\t\t\t\t<\/div>\t\r\n\t\t\t<div class=\"service-background\">\r\n\t\t\t\t\t\t\t\t\t<img decoding=\"async\" src=\"https:\/\/gaviaspreview.com\/wp\/conult\/wp-content\/uploads\/2022\/01\/image-8.jpg\" alt=\"BUSINESS&lt;br&gt; GROWTH\"\/>\r\n\t\t\t\t\t\r\n\t\t\t<\/div>\r\n\t\t\t\t\t<\/div>\t\r\n\t<\/div>\r\n\t\r\n\r\n\r\n\r\n         <\/div>\r\n               <div class=\"item-columns\">\r\n            \r\n\t\r\n\r\n   <div class=\"service-item style-2\">\r\n      \r\n      \t      <div class=\"service-image text-center\">\r\n\t      \t<img decoding=\"async\"  src=\"https:\/\/gaviaspreview.com\/wp\/conult\/wp-content\/uploads\/2021\/12\/image-4.jpg\" alt=\"CONSUMER&lt;br&gt; PRODUCT\"\/>\r\n\t      <\/div>\r\n\t   \r\n      <div class=\"service-content\">\r\n\t\t\t<div class=\"content-inner\">\r\n\t\t\t\t\t\t\t\t\t<h3 class=\"title\"><span>PRODUTO<br> DE CONSUMO<\/span><\/h3>\r\n\t\t\t\t\r\n\t\t\t\t\t\t\t\t\t<span class=\"box-icon\">\r\n\t\t\t\t\t\t<i aria-hidden=\"true\" class=\"icon-conult-point-of-sale\"><\/i>\t\t\t\t\t<\/span>\r\n\t\t\t\t\t\t\t<\/div>\t\r\n\t\t<\/div>\r\n\r\n\t\t\r\n\t\t<div class=\"service-content-hover\">\r\n\t\t\t<div class=\"content-inner\">\r\n\t\t\t\t\t\t\t\t\t<span class=\"box-icon\">\r\n\t\t\t\t\t\t<i aria-hidden=\"true\" class=\"icon-conult-point-of-sale\"><\/i>\t\t\t\t\t<\/span>\r\n\t\t\t\t\r\n\t\t\t\t\t\t\t\t\t<h3 class=\"title\"><span>PRODUTO<br> DE CONSUMO<\/span><\/h3>\r\n\t\t\t\t\t\t\t\t\t\t\t\t\t<div class=\"desc\">Produtos de consumo que v\u00e3o al\u00e9m da utilidade, capacitando vidas, um produto de cada vez.<\/div>\r\n\t\t\t\t\t\t\t<\/div>\t\r\n\t\t\t<div class=\"service-background\">\r\n\t\t\t\t\t\t\t\t\t<img decoding=\"async\" src=\"https:\/\/gaviaspreview.com\/wp\/conult\/wp-content\/uploads\/2021\/12\/image-4.jpg\" alt=\"CONSUMER&lt;br&gt; PRODUCT\"\/>\r\n\t\t\t\t\t\r\n\t\t\t<\/div>\r\n\t\t\t\t\t<\/div>\t\r\n\t<\/div>\r\n\t\r\n\r\n\r\n\r\n         <\/div>\r\n         <\/div>   \r\n<\/div>\r\n<\/div>\t\t\t\t<\/div>\n\t\t\t\t<\/div>\n\t\t\t\t\t<\/div>\n\t\t<\/div>\n\t\t\t\t\t<\/div>\n\t\t<\/section>\n\t\t\t\t<section class=\"elementor-section elementor-top-section elementor-element elementor-element-dd31a49 elementor-section-boxed elementor-section-height-default elementor-section-height-default\" data-id=\"dd31a49\" data-element_type=\"section\" data-settings=\"{&quot;background_background&quot;:&quot;classic&quot;}\">\n\t\t\t\t\t\t\t<div class=\"elementor-background-overlay\"><\/div>\n\t\t\t\t\t\t\t<div class=\"elementor-container elementor-column-gap-default\">\n\t\t\t\t\t<div class=\"elementor-column elementor-col-100 elementor-top-column elementor-element elementor-element-94f9e05\" data-id=\"94f9e05\" data-element_type=\"column\">\n\t\t\t<div class=\"elementor-widget-wrap elementor-element-populated\">\n\t\t\t\t\t\t<div class=\"elementor-element elementor-element-33603a7 elementor-align-center elementor-widget elementor-widget-button\" data-id=\"33603a7\" data-element_type=\"widget\" data-widget_type=\"button.default\">\n\t\t\t\t<div class=\"elementor-widget-container\">\n\t\t\t\t\t\t\t\t\t<div class=\"elementor-button-wrapper\">\n\t\t\t\t\t<a class=\"elementor-button elementor-button-link elementor-size-sm\" href=\"#\">\n\t\t\t\t\t\t<span class=\"elementor-button-content-wrapper\">\n\t\t\t\t\t\t\t\t\t<span class=\"elementor-button-text\">login<\/span>\n\t\t\t\t\t<\/span>\n\t\t\t\t\t<\/a>\n\t\t\t\t<\/div>\n\t\t\t\t\t\t\t\t<\/div>\n\t\t\t\t<\/div>\n\t\t\t\t\t<\/div>\n\t\t<\/div>\n\t\t\t\t\t<\/div>\n\t\t<\/section>\n\t\t\t\t<section class=\"elementor-section elementor-top-section elementor-element elementor-element-39a39eb elementor-section-boxed elementor-section-height-default elementor-section-height-default\" data-id=\"39a39eb\" data-element_type=\"section\">\n\t\t\t\t\t\t<div class=\"elementor-container elementor-column-gap-default\">\n\t\t\t\t\t<div class=\"elementor-column elementor-col-50 elementor-top-column elementor-element elementor-element-59311ec\" data-id=\"59311ec\" data-element_type=\"column\">\n\t\t\t<div class=\"elementor-widget-wrap elementor-element-populated\">\n\t\t\t\t\t\t<div class=\"elementor-element elementor-element-459a264 elementor-widget elementor-widget-gva-heading-block\" data-id=\"459a264\" data-element_type=\"widget\" data-widget_type=\"gva-heading-block.default\">\n\t\t\t\t<div class=\"elementor-widget-container\">\n\t\t\t\t\t<div class=\"gva-element-gva-heading-block gva-element\">   <div class=\"align-left style-1 widget gsc-heading box-align-left auto-responsive\">\r\n      <div class=\"content-inner\">\r\n         \r\n         \r\n         <div class=\"heading-line\"><span><\/span><span><\/span><\/div>\r\n                     <div class=\"sub-title\">\r\n               <span class=\"tagline\">BENEF\u00cdCIOS E SOLU\u00c7\u00d5ES DA EMPRESA<\/span> \r\n            <\/div>\r\n           \r\n         \r\n                     <h2 class=\"title\">\r\n               <span>Experi\u00eancia de desenvolvimento que proporciona altas taxas de sucesso.<\/span>\r\n            <\/h2>\r\n                  \r\n         \r\n      <\/div>\r\n   <\/div>\r\n<\/div>\t\t\t\t<\/div>\n\t\t\t\t<\/div>\n\t\t\t\t\t<\/div>\n\t\t<\/div>\n\t\t\t\t<div class=\"elementor-column elementor-col-50 elementor-top-column elementor-element elementor-element-08f9542\" data-id=\"08f9542\" data-element_type=\"column\">\n\t\t\t<div class=\"elementor-widget-wrap\">\n\t\t\t\t\t\t\t<\/div>\n\t\t<\/div>\n\t\t\t\t\t<\/div>\n\t\t<\/section>\n\t\t\t\t<section class=\"elementor-section elementor-top-section elementor-element elementor-element-fff0c9d elementor-section-boxed elementor-section-height-default elementor-section-height-default\" data-id=\"fff0c9d\" data-element_type=\"section\">\n\t\t\t\t\t\t<div class=\"elementor-container elementor-column-gap-default\">\n\t\t\t\t\t<div class=\"elementor-column elementor-col-33 elementor-top-column elementor-element elementor-element-e714fc1\" data-id=\"e714fc1\" data-element_type=\"column\" data-settings=\"{&quot;background_background&quot;:&quot;classic&quot;}\">\n\t\t\t<div class=\"elementor-widget-wrap elementor-element-populated\">\n\t\t\t\t\t\t<div class=\"elementor-element elementor-element-01ecfa3 elementor-widget elementor-widget-spacer\" data-id=\"01ecfa3\" data-element_type=\"widget\" data-widget_type=\"spacer.default\">\n\t\t\t\t<div class=\"elementor-widget-container\">\n\t\t\t\t\t\t\t<div class=\"elementor-spacer\">\n\t\t\t<div class=\"elementor-spacer-inner\"><\/div>\n\t\t<\/div>\n\t\t\t\t\t\t<\/div>\n\t\t\t\t<\/div>\n\t\t\t\t\t<\/div>\n\t\t<\/div>\n\t\t\t\t<div class=\"elementor-column elementor-col-33 elementor-top-column elementor-element elementor-element-dbb8e87\" data-id=\"dbb8e87\" data-element_type=\"column\">\n\t\t\t<div class=\"elementor-widget-wrap elementor-element-populated\">\n\t\t\t\t\t\t<div class=\"elementor-element elementor-element-335129d elementor-widget elementor-widget-gva-circle-progress\" data-id=\"335129d\" data-element_type=\"widget\" data-widget_type=\"gva-circle-progress.default\">\n\t\t\t\t<div class=\"elementor-widget-container\">\n\t\t\t\t\t<div class=\"gva-element-gva-circle-progress gva-element\">   \r\n   <div class=\"gsc-circle-progress clearfix\">\r\n      <div class=\"circle-progress\" data-value=\"0.94\"  data-thickness=\"3\" data-empty-fill=\"#EDF3F6\" data-linecap=\"square\" data-size=\"122\" data-fill=\"{ &quot;color&quot;: &quot;#0787D9&quot; }\">\r\n         <strong><\/strong>\r\n      <\/div> \r\n               <div class=\"title\">\r\n            <span>Taxas de<br> sucesso <\/span>\r\n         <\/div>   \r\n         <\/div> \r\n\r\n<\/div>\t\t\t\t<\/div>\n\t\t\t\t<\/div>\n\t\t\t\t<div class=\"elementor-element elementor-element-5c236f6 elementor-widget elementor-widget-spacer\" data-id=\"5c236f6\" data-element_type=\"widget\" data-widget_type=\"spacer.default\">\n\t\t\t\t<div class=\"elementor-widget-container\">\n\t\t\t\t\t\t\t<div class=\"elementor-spacer\">\n\t\t\t<div class=\"elementor-spacer-inner\"><\/div>\n\t\t<\/div>\n\t\t\t\t\t\t<\/div>\n\t\t\t\t<\/div>\n\t\t\t\t<div class=\"elementor-element elementor-element-b97815a elementor-widget elementor-widget-gva-circle-progress\" data-id=\"b97815a\" data-element_type=\"widget\" data-widget_type=\"gva-circle-progress.default\">\n\t\t\t\t<div class=\"elementor-widget-container\">\n\t\t\t\t\t<div class=\"gva-element-gva-circle-progress gva-element\">   \r\n   <div class=\"gsc-circle-progress clearfix\">\r\n      <div class=\"circle-progress\" data-value=\"0.98\"  data-thickness=\"3\" data-empty-fill=\"#EDF3F6\" data-linecap=\"square\" data-size=\"122\" data-fill=\"{ &quot;color&quot;: &quot;#0787D9&quot; }\">\r\n         <strong><\/strong>\r\n      <\/div> \r\n               <div class=\"title\">\r\n            <span>Clientes <br>satisfeitos<\/span>\r\n         <\/div>   \r\n         <\/div> \r\n\r\n<\/div>\t\t\t\t<\/div>\n\t\t\t\t<\/div>\n\t\t\t\t\t<\/div>\n\t\t<\/div>\n\t\t\t\t<div class=\"elementor-column elementor-col-33 elementor-top-column elementor-element elementor-element-5789256\" data-id=\"5789256\" data-element_type=\"column\">\n\t\t\t<div class=\"elementor-widget-wrap elementor-element-populated\">\n\t\t\t\t\t\t<div class=\"elementor-element elementor-element-39d0c3a elementor-widget elementor-widget-accordion\" data-id=\"39d0c3a\" data-element_type=\"widget\" data-widget_type=\"accordion.default\">\n\t\t\t\t<div class=\"elementor-widget-container\">\n\t\t\t\t\t\t\t<div class=\"elementor-accordion\">\n\t\t\t\t\t\t\t<div class=\"elementor-accordion-item\">\n\t\t\t\t\t<div id=\"elementor-tab-title-6061\" class=\"elementor-tab-title\" data-tab=\"1\" role=\"button\" aria-controls=\"elementor-tab-content-6061\" aria-expanded=\"false\">\n\t\t\t\t\t\t\t\t\t\t\t\t\t<span class=\"elementor-accordion-icon elementor-accordion-icon-right\" aria-hidden=\"true\">\n\t\t\t\t\t\t\t\t\t\t\t\t\t\t\t<span class=\"elementor-accordion-icon-closed\"><i class=\"las la-angle-down\"><\/i><\/span>\n\t\t\t\t\t\t\t\t<span class=\"elementor-accordion-icon-opened\"><i class=\"las la-angle-up\"><\/i><\/span>\n\t\t\t\t\t\t\t\t\t\t\t\t\t\t<\/span>\n\t\t\t\t\t\t\t\t\t\t\t\t<a class=\"elementor-accordion-title\" tabindex=\"0\">OTIMIZA\u00c7\u00c3O DE MECANISMOS DE BUSCA <\/a>\n\t\t\t\t\t<\/div>\n\t\t\t\t\t<div id=\"elementor-tab-content-6061\" class=\"elementor-tab-content elementor-clearfix\" data-tab=\"1\" role=\"region\" aria-labelledby=\"elementor-tab-title-6061\">Experimente uma jornada transformadora para obter classifica\u00e7\u00f5es mais altas nos mecanismos de pesquisa, onde nossas estrat\u00e9gias comprovadas e a otimiza\u00e7\u00e3o meticulosa prometem uma presen\u00e7a on-line elevada.<\/div>\n\t\t\t\t<\/div>\n\t\t\t\t\t\t\t<div class=\"elementor-accordion-item\">\n\t\t\t\t\t<div id=\"elementor-tab-title-6062\" class=\"elementor-tab-title\" data-tab=\"2\" role=\"button\" aria-controls=\"elementor-tab-content-6062\" aria-expanded=\"false\">\n\t\t\t\t\t\t\t\t\t\t\t\t\t<span class=\"elementor-accordion-icon elementor-accordion-icon-right\" aria-hidden=\"true\">\n\t\t\t\t\t\t\t\t\t\t\t\t\t\t\t<span class=\"elementor-accordion-icon-closed\"><i class=\"las la-angle-down\"><\/i><\/span>\n\t\t\t\t\t\t\t\t<span class=\"elementor-accordion-icon-opened\"><i class=\"las la-angle-up\"><\/i><\/span>\n\t\t\t\t\t\t\t\t\t\t\t\t\t\t<\/span>\n\t\t\t\t\t\t\t\t\t\t\t\t<a class=\"elementor-accordion-title\" tabindex=\"0\">MARKETING DE CONTE\u00daDO<\/a>\n\t\t\t\t\t<\/div>\n\t\t\t\t\t<div id=\"elementor-tab-content-6062\" class=\"elementor-tab-content elementor-clearfix\" data-tab=\"2\" role=\"region\" aria-labelledby=\"elementor-tab-title-6062\">Conte\u00fado atraente e digitalmente orientado, elaborado por mentes criativas para impulsionar o sucesso de seu marketing.<\/div>\n\t\t\t\t<\/div>\n\t\t\t\t\t\t\t<div class=\"elementor-accordion-item\">\n\t\t\t\t\t<div id=\"elementor-tab-title-6063\" class=\"elementor-tab-title\" data-tab=\"3\" role=\"button\" aria-controls=\"elementor-tab-content-6063\" aria-expanded=\"false\">\n\t\t\t\t\t\t\t\t\t\t\t\t\t<span class=\"elementor-accordion-icon elementor-accordion-icon-right\" aria-hidden=\"true\">\n\t\t\t\t\t\t\t\t\t\t\t\t\t\t\t<span class=\"elementor-accordion-icon-closed\"><i class=\"las la-angle-down\"><\/i><\/span>\n\t\t\t\t\t\t\t\t<span class=\"elementor-accordion-icon-opened\"><i class=\"las la-angle-up\"><\/i><\/span>\n\t\t\t\t\t\t\t\t\t\t\t\t\t\t<\/span>\n\t\t\t\t\t\t\t\t\t\t\t\t<a class=\"elementor-accordion-title\" tabindex=\"0\">MARKETING DE CRIPTOMOEDAS<\/a>\n\t\t\t\t\t<\/div>\n\t\t\t\t\t<div id=\"elementor-tab-content-6063\" class=\"elementor-tab-content elementor-clearfix\" data-tab=\"3\" role=\"region\" aria-labelledby=\"elementor-tab-title-6063\">Maximizamos o retorno de seus produtos de criptografia por meio de servi\u00e7os de marketing de criptomoeda direcionados.<\/div>\n\t\t\t\t<\/div>\n\t\t\t\t\t\t\t\t<\/div>\n\t\t\t\t\t\t<\/div>\n\t\t\t\t<\/div>\n\t\t\t\t\t<\/div>\n\t\t<\/div>\n\t\t\t\t\t<\/div>\n\t\t<\/section>\n\t\t\t\t<\/div>","protected":false},"excerpt":{"rendered":"<p>Smart Strategies. Sharp Results utopia market The Best Business Consulting Firm you can Count on. What we&#039;re doing Services We Offer FINANCE CONSULTING FINANCE CONSULTING Where precision meets strategy, ensuring [&hellip;]<\/p>","protected":false},"author":1,"featured_media":0,"parent":0,"menu_order":0,"comment_status":"closed","ping_status":"closed","template":"","meta":{"footnotes":""},"class_list":["post-32","page","type-page","status-publish","hentry"],"_hostinger_reach_plugin_has_subscription_block":false,"_hostinger_reach_plugin_is_elementor":false,"_links":{"self":[{"href":"https:\/\/utopia-market.com\/pt\/wp-json\/wp\/v2\/pages\/32","targetHints":{"allow":["GET"]}}],"collection":[{"href":"https:\/\/utopia-market.com\/pt\/wp-json\/wp\/v2\/pages"}],"about":[{"href":"https:\/\/utopia-market.com\/pt\/wp-json\/wp\/v2\/types\/page"}],"author":[{"embeddable":true,"href":"https:\/\/utopia-market.com\/pt\/wp-json\/wp\/v2\/users\/1"}],"replies":[{"embeddable":true,"href":"https:\/\/utopia-market.com\/pt\/wp-json\/wp\/v2\/comments?post=32"}],"version-history":[{"count":31,"href":"https:\/\/utopia-market.com\/pt\/wp-json\/wp\/v2\/pages\/32\/revisions"}],"predecessor-version":[{"id":1565,"href":"https:\/\/utopia-market.com\/pt\/wp-json\/wp\/v2\/pages\/32\/revisions\/1565"}],"wp:attachment":[{"href":"https:\/\/utopia-market.com\/pt\/wp-json\/wp\/v2\/media?parent=32"}],"curies":[{"name":"wp","href":"https:\/\/api.w.org\/{rel}","templated":true}]}}