{"id":1467,"date":"2023-12-19T19:47:17","date_gmt":"2023-12-19T19:47:17","guid":{"rendered":"https:\/\/firebrick-albatross-491920.hostingersite.com\/?page_id=1467"},"modified":"2023-12-19T19:48:14","modified_gmt":"2023-12-19T19:48:14","slug":"privacy-policy","status":"publish","type":"page","link":"https:\/\/utopia-market.com\/pt\/privacy-policy\/","title":{"rendered":"Pol\u00edtica de privacidade"},"content":{"rendered":"<div data-elementor-type=\"wp-page\" data-elementor-id=\"1467\" class=\"elementor elementor-1467\">\n\t\t\t\t<div class=\"elementor-element elementor-element-f573261 e-flex e-con-boxed e-con e-parent\" data-id=\"f573261\" data-element_type=\"container\" data-e-type=\"container\">\n\t\t\t\t\t<div class=\"e-con-inner\">\n\t\t\t\t<div class=\"elementor-element elementor-element-c878818 elementor-widget elementor-widget-text-editor\" data-id=\"c878818\" data-element_type=\"widget\" data-e-type=\"widget\" data-widget_type=\"text-editor.default\">\n\t\t\t\t<div class=\"elementor-widget-container\">\n\t\t\t\t\t\t\t\t\t<p>Este \u00e9 o Contrato de Pol\u00edtica de Privacidade (a \"Pol\u00edtica\") do site\u00a0<a href=\"https:\/\/algo-spot.com\/\">https:\/\/ Utopia-Market com\/<\/a>Nesta Pol\u00edtica \u00a0<a href=\"http:\/\/www.algo-spot.com\/\"><strong>www.<\/strong> <strong>Utopia-Market.com<\/strong><\/a>\u00a0tamb\u00e9m pode ser chamado de \"n\u00f3s\", \"nosso\", \"nos\" ou \"Utopia-Market\" e os usu\u00e1rios, compradores, clientes, compradores, consumidores, internautas e visitantes tamb\u00e9m podem ser chamados de \"voc\u00ea\" ou \"seu\". Esta Pol\u00edtica define, de modo geral, a extens\u00e3o dos dados que coletamos de voc\u00ea quando voc\u00ea usa ou compra nossos servi\u00e7os. A Utopia-Market \u00e9 uma empresa inovadora no setor de publicidade. Fornecemos aos nossos clientes todas as ferramentas de que precisam para participar e ganhar dinheiro com an\u00fancios on-line. Nossa plataforma \u00e9 simples de usar e oferece a nossos clientes acesso a uma ampla gama de iniciativas, desde as mais b\u00e1sicas at\u00e9 as mais sofisticadas. Voc\u00ea pode visitar a p\u00e1gina inicial do nosso site para adquirir um de nossos v\u00e1rios planos fornecidos que atendam \u00e0s suas necessidades.<\/p><p>Para tornar nossas regras de privacidade expl\u00edcitas, abordaremos as seguintes se\u00e7\u00f5es nesta Pol\u00edtica ou Aviso.<\/p><ul><li>Como geralmente coletamos seus dados?<\/li><li>Usamos cookies ou n\u00e3o?<\/li><li>Como usamos seus dados?<\/li><li>Como compartilhamos seus dados?<\/li><li>N\u00f3s transferimos dados?<\/li><li>Quais s\u00e3o nossas medidas de seguran\u00e7a para proteger seus dados?<\/li><li>Quais s\u00e3o seus direitos legais de acordo com esta Pol\u00edtica?<\/li><\/ul><p>Nesta Pol\u00edtica, \"Dados\" refere-se a \"Informa\u00e7\u00f5es Pessoais Identific\u00e1veis\" sobre voc\u00ea, incluindo qualquer empresa ou pessoa jur\u00eddica. Essas informa\u00e7\u00f5es s\u00e3o necess\u00e1rias como parte de nossos servi\u00e7os para que possamos lhe fornecer servi\u00e7os excelentes e precisos dentro do prazo. Alguns dados podem ser usados por um parceiro de servi\u00e7os terceirizado para nos ajudar a concluir a transa\u00e7\u00e3o. Queremos assegurar-lhe que todos os dados fornecidos s\u00e3o extremamente importantes para n\u00f3s como componente de seguran\u00e7a, e n\u00e3o desconsideramos esse fato ao prestar nossos servi\u00e7os.<\/p><p><strong>Como coletamos seus dados?<\/strong><\/p><p>Ao usar nosso Site www. Utopia-Market.com, podemos solicitar que voc\u00ea nos forne\u00e7a informa\u00e7\u00f5es de identifica\u00e7\u00e3o pessoal que possam ser usadas para contat\u00e1-lo ou identific\u00e1-lo (visitante). Seu nome \u00e9 um exemplo de informa\u00e7\u00e3o de identifica\u00e7\u00e3o pessoal, mas n\u00e3o \u00e9 a \u00fanica.<\/p><ol><li>Podemos adquirir tanto as informa\u00e7\u00f5es solicitadas quando voc\u00ea se inscreve no site quanto as informa\u00e7\u00f5es que voc\u00ea opta por fornecer.<\/li><li>Al\u00e9m disso, podemos querer seu nome, endere\u00e7o de e-mail, data de nascimento, pa\u00eds e sexo. Para responder \u00e0s suas comunica\u00e7\u00f5es, solicitamos endere\u00e7os de e-mail de retorno.<\/li><li>Podemos coletar suas informa\u00e7\u00f5es sobre os servi\u00e7os necess\u00e1rios, como marketing, publicidade, logotipos, identidade de design, confian\u00e7a ou qualquer outro servi\u00e7o necess\u00e1rio.<\/li><li>Suas \"Informa\u00e7\u00f5es de contato\" consistem em informa\u00e7\u00f5es pessoais e\/ou informa\u00e7\u00f5es de familiares\/amigos.<\/li><li>Informa\u00e7\u00f5es recebidas em formul\u00e1rios por n\u00f3s, incluindo, entre outras, informa\u00e7\u00f5es pessoais como endere\u00e7o, n\u00fameros de telefone e endere\u00e7os de e-mail relacionados aos seus projetos.<\/li><li>Informa\u00e7\u00f5es de faturamento: Para fins de faturamento, poderemos solicitar adicionalmente suas informa\u00e7\u00f5es banc\u00e1rias.<\/li><li>Al\u00e9m disso, podemos coletar suas dicas de senha e outras informa\u00e7\u00f5es de seguran\u00e7a necess\u00e1rias para a verifica\u00e7\u00e3o e o acesso \u00e0 conta.<\/li><li>Quaisquer outras informa\u00e7\u00f5es que sejam necess\u00e1rias para fornecer nossos servi\u00e7os a voc\u00ea.<\/li><\/ol><p><strong>Coletamos e usamos cookies?<\/strong><\/p><p>Quando voc\u00ea visita ou usa o site, coletamos automaticamente alguns dados. Esses dados n\u00e3o revelam sua identidade espec\u00edfica (como seu nome ou informa\u00e7\u00f5es de contato), mas podem incluir dados de dispositivo e de uso, como seu endere\u00e7o de Internet, mecanismo de pesquisa, m\u00e1quina, servidor, prioridades de idioma, nome do aparelho e da regi\u00e3o, detalhes sobre como e quando voc\u00ea usa nossa p\u00e1gina inicial e, se voc\u00ea usa e acessa nosso site por meio de seu telefone celular, os identificadores de seu dispositivo, como ID do dispositivo, modelo, fabricante, sistema operacional e endere\u00e7o IP. Essas informa\u00e7\u00f5es s\u00e3o amplamente necess\u00e1rias para manter a seguran\u00e7a e o funcionamento de nosso site por quest\u00f5es de seguran\u00e7a, bem como para an\u00e1lises e relat\u00f3rios internos. N\u00f3s, como muitas outras empresas, coletamos informa\u00e7\u00f5es por meio de cookies e tecnologias semelhantes.<\/p><p>Um cookie \u00e9 um pequeno arquivo de texto que colocamos em seu computador se voc\u00ea consentir. Os cookies nos permitem diferenci\u00e1-lo de outros usu\u00e1rios de nosso site e aplicativos m\u00f3veis, o que nos permite oferecer uma experi\u00eancia de navega\u00e7\u00e3o mais personalizada. Os cookies, por exemplo, s\u00e3o usados para as seguintes finalidades:<\/p><ul><li>Reconhecer e calcular a quantidade de visitas, bem como ver como os visitantes se movimentam pelo site enquanto o utilizam (isso nos ajuda a melhorar o funcionamento do nosso site, por exemplo, garantindo que os usu\u00e1rios possam encontrar o que est\u00e3o procurando).<\/li><li>reconhecimento de suas escolhas e assinaturas, incluindo configura\u00e7\u00f5es de idioma, itens salvos, produtos em seu carrinho e associa\u00e7\u00e3o ao Prime; e<\/li><li>Envio de boletins informativos e comunica\u00e7\u00f5es comerciais\/publicit\u00e1rias com base em suas prefer\u00eancias.<\/li><\/ul><p>Tamb\u00e9m podemos obter informa\u00e7\u00f5es sobre voc\u00ea de outras fontes, como bancos de dados p\u00fablicos, empresas de marketing conjunto, sites de redes sociais (como o Facebook) e outros terceiros. Se voc\u00ea quiser se registrar para receber nosso boletim informativo, compartilharemos seu nome, sobrenome e informa\u00e7\u00f5es de e-mail com nosso provedor de boletim informativo.<\/p><p><strong>Como usamos seus dados?<\/strong><\/p><p>Usamos suas informa\u00e7\u00f5es pessoais por esses motivos com base em nossos interesses comerciais legais e leg\u00edtimos (\"Objetivos comerciais\"), para firmar ou executar um compromisso com voc\u00ea (\"Contratual\"), com sua permiss\u00e3o (\"Consentimento\") e\/ou para cumprir nossas obriga\u00e7\u00f5es legais.<\/p><p>Esta declara\u00e7\u00e3o de privacidade explica como tratamos e protegemos as informa\u00e7\u00f5es que voc\u00ea nos fornece ao usar nosso site. O www.sheesha.co se dedica a proteger sua privacidade. Reservamo-nos o direito de alterar esta pol\u00edtica a qualquer momento, atualizando esta p\u00e1gina. Ao lado de cada uma das finalidades indicadas acima, identificamos os fundamentos exatos de processamento dos quais dependemos.<\/p><ol><li>Com a finalidade de registr\u00e1-lo como um novo cliente.<\/li><li>Para fins de processamento e entrega de suas compras.<\/li><li>Para gerenciar sua conex\u00e3o conosco.<\/li><li>Para permitir que voc\u00ea participe de promo\u00e7\u00f5es, concursos e pesquisas.<\/li><li>Para aprimorar nosso site, aplicativos, produtos e servi\u00e7os<\/li><li>Para recomendar\/publicar itens ou servi\u00e7os nos quais voc\u00ea possa estar interessado.<\/li><li>Para cumprir nossas obriga\u00e7\u00f5es legais, talvez precisemos verificar sua identifica\u00e7\u00e3o.<\/li><li>Para detectar fraudes.<\/li><\/ol><p><strong>Como compartilhamos ou divulgamos seus dados?<\/strong><\/p><p>Em geral, n\u00e3o fazemos divulga\u00e7\u00f5es ilegais, mas talvez precisemos divulgar suas informa\u00e7\u00f5es pessoais a outras partes pelos seguintes motivos:<\/p><ol><li>Vendas de produtos e servi\u00e7os: Podemos ser obrigados a compartilhar seus dados pessoais com outras partes para oferecer servi\u00e7os ou produtos adquiridos em nosso mercado de terceiros.<\/li><li>Trabalho com prestadores de servi\u00e7os terceirizados: Podemos usar empresas terceirizadas para realizar tarefas espec\u00edficas em nosso nome. O atendimento de pedidos de produtos ou servi\u00e7os, a entrega de itens, a an\u00e1lise de dados, a assist\u00eancia de marketing, o processamento de pagamentos, o envio de informa\u00e7\u00f5es, a avalia\u00e7\u00e3o e o gerenciamento de risco de cr\u00e9dito e o fornecimento de suporte ao cliente s\u00e3o alguns exemplos.<\/li><li>Transfer\u00eancias de neg\u00f3cios: \u00c0 medida que nossa empresa cresce, podemos vender ou comprar outras empresas ou servi\u00e7os. As informa\u00e7\u00f5es dos clientes podem ser transferidas com outros ativos corporativos em tais neg\u00f3cios.<\/li><li>Detectar e relatar fraudes e abusos.<\/li><li>Quando uma autoridade legal competente, como uma ag\u00eancia de investiga\u00e7\u00e3o, solicitar seus dados, n\u00f3s os cumpriremos.<\/li><\/ol><p>Quando compartilhamos seus dados pessoais com terceiros, precisamos que eles concordem em usar seus dados de acordo com este Aviso de Privacidade e Cookies, nosso Aviso de Privacidade e a lei; e s\u00f3 permitimos que eles tratem seus dados pessoais por motivos espec\u00edficos e sob nossas instru\u00e7\u00f5es. N\u00e3o permitimos que nenhum de nossos provedores terceirizados use suas informa\u00e7\u00f5es privadas para seus pr\u00f3prios objetivos.<\/p><p><strong>N\u00f3s transferimos seus dados?<\/strong><\/p><p>Se permitido pelas regulamenta\u00e7\u00f5es relevantes em sua jurisdi\u00e7\u00e3o, poderemos transmitir seus dados pessoais para locais em outro pa\u00eds. Essas transfer\u00eancias s\u00e3o repletas de perigos.<\/p><p>Colocaremos em pr\u00e1tica as prote\u00e7\u00f5es adequadas para proteger seus dados pessoais no caso de transfer\u00eancias internacionais de seus dados pessoais e continuaremos a respeitar seus direitos legais de acordo com as disposi\u00e7\u00f5es deste Aviso de Privacidade e Cookies e com a legisla\u00e7\u00e3o relevante em sua localidade.<\/p><p><strong>Quais s\u00e3o nossos procedimentos de seguran\u00e7a para proteger seus dados?<\/strong><\/p><p>Implementamos as medidas de seguran\u00e7a necess\u00e1rias para proteger suas informa\u00e7\u00f5es pessoais contra perda, uso ou acesso n\u00e3o autorizado, altera\u00e7\u00e3o ou divulga\u00e7\u00e3o por engano. Al\u00e9m disso, restringimos o acesso aos seus dados pessoais a funcion\u00e1rios, agentes, contratados e outros terceiros que tenham uma necessidade comercial leg\u00edtima de conhec\u00ea-los. Eles somente processar\u00e3o seus dados pessoais se lhes dissermos para faz\u00ea-lo, e eles est\u00e3o obrigados a manter sigilo. Lembre-se de que nenhum sistema de seguran\u00e7a da Internet \u00e9 totalmente seguro, mas fazemos o poss\u00edvel para tornar seus dados o mais seguros poss\u00edvel.<\/p><p><strong>Quais s\u00e3o seus direitos legais de acordo com esta Pol\u00edtica?<\/strong><\/p><p>\u00c9 fundamental que as informa\u00e7\u00f5es pessoais que temos em m\u00e3os sobre voc\u00ea estejam corretas e atualizadas. Notifique-nos se suas informa\u00e7\u00f5es pessoais forem alteradas durante seu contato conosco.<\/p><p>Em determinadas condi\u00e7\u00f5es, voc\u00ea tem direitos relacionados aos seus dados pessoais de acordo com as normas de prote\u00e7\u00e3o de dados, inclusive o direito de visualizar, atualizar ou remover suas informa\u00e7\u00f5es privadas, fazer obje\u00e7\u00f5es ou limitar o processamento de suas informa\u00e7\u00f5es privadas e retirar-se de nossas correspond\u00eancias e an\u00fancios.<\/p><p><strong>Entre em contato:<\/strong><\/p><p>Se precisar de mais informa\u00e7\u00f5es sobre nosso aviso de privacidade, entre em contato conosco a qualquer momento usando as seguintes informa\u00e7\u00f5es:<\/p><p>Envie-nos um e-mail\u00a0<a href=\"mailto:support@algo-spot.com\"><strong>support@<\/strong> <strong>Utopia-Market.com<\/strong><\/a><\/p>\t\t\t\t\t\t\t\t<\/div>\n\t\t\t\t<\/div>\n\t\t\t\t\t<\/div>\n\t\t\t\t<\/div>\n\t\t\t\t<\/div>","protected":false},"excerpt":{"rendered":"<p>This is the Privacy Policy Agreement (the \u201cPolicy\u201d) of\u00a0https:\/\/ Utopia-Market com\/. In this Policy, \u00a0www. Utopia-Market.com\u00a0may also be referred to as \u201cwe\u201d, \u201cour\u201d, \u201cus\u201d or \u201cUtopia-Market\u201d and users, buyers, customers, [&hellip;]<\/p>","protected":false},"author":1,"featured_media":0,"parent":0,"menu_order":0,"comment_status":"closed","ping_status":"closed","template":"","meta":{"footnotes":""},"class_list":["post-1467","page","type-page","status-publish","hentry"],"_hostinger_reach_plugin_has_subscription_block":false,"_hostinger_reach_plugin_is_elementor":false,"_links":{"self":[{"href":"https:\/\/utopia-market.com\/pt\/wp-json\/wp\/v2\/pages\/1467","targetHints":{"allow":["GET"]}}],"collection":[{"href":"https:\/\/utopia-market.com\/pt\/wp-json\/wp\/v2\/pages"}],"about":[{"href":"https:\/\/utopia-market.com\/pt\/wp-json\/wp\/v2\/types\/page"}],"author":[{"embeddable":true,"href":"https:\/\/utopia-market.com\/pt\/wp-json\/wp\/v2\/users\/1"}],"replies":[{"embeddable":true,"href":"https:\/\/utopia-market.com\/pt\/wp-json\/wp\/v2\/comments?post=1467"}],"version-history":[{"count":4,"href":"https:\/\/utopia-market.com\/pt\/wp-json\/wp\/v2\/pages\/1467\/revisions"}],"predecessor-version":[{"id":1472,"href":"https:\/\/utopia-market.com\/pt\/wp-json\/wp\/v2\/pages\/1467\/revisions\/1472"}],"wp:attachment":[{"href":"https:\/\/utopia-market.com\/pt\/wp-json\/wp\/v2\/media?parent=1467"}],"curies":[{"name":"wp","href":"https:\/\/api.w.org\/{rel}","templated":true}]}}