{"id":1459,"date":"2023-12-19T19:43:47","date_gmt":"2023-12-19T19:43:47","guid":{"rendered":"https:\/\/firebrick-albatross-491920.hostingersite.com\/?page_id=1459"},"modified":"2023-12-19T19:44:34","modified_gmt":"2023-12-19T19:44:34","slug":"disclaimer-of-warranties","status":"publish","type":"page","link":"https:\/\/utopia-market.com\/pt\/disclaimer-of-warranties\/","title":{"rendered":"Isen\u00e7\u00e3o de responsabilidade de garantias"},"content":{"rendered":"<div data-elementor-type=\"wp-page\" data-elementor-id=\"1459\" class=\"elementor elementor-1459\">\n\t\t\t\t<div class=\"elementor-element elementor-element-8434254 e-flex e-con-boxed e-con e-parent\" data-id=\"8434254\" data-element_type=\"container\" data-e-type=\"container\">\n\t\t\t\t\t<div class=\"e-con-inner\">\n\t\t\t\t<div class=\"elementor-element elementor-element-bc3b9f6 elementor-widget elementor-widget-text-editor\" data-id=\"bc3b9f6\" data-element_type=\"widget\" data-e-type=\"widget\" data-widget_type=\"text-editor.default\">\n\t\t\t\t<div class=\"elementor-widget-container\">\n\t\t\t\t\t\t\t\t\t<p>Seu uso do site \u00e9 inteiramente por sua conta e risco. O site \u00e9 fornecido \"no estado em que se encontra\" e \"conforme dispon\u00edvel\", sem quaisquer garantias expressas ou impl\u00edcitas. Todas as representa\u00e7\u00f5es e garantias expressas, impl\u00edcitas, estatut\u00e1rias ou feitas de outra forma, incluindo, sem limita\u00e7\u00e3o, qualquer garantia impl\u00edcita de comercializa\u00e7\u00e3o, adequa\u00e7\u00e3o a uma finalidade espec\u00edfica ou n\u00e3o viola\u00e7\u00e3o de direitos de terceiros, s\u00e3o, por meio deste, rejeitadas pela Utopia-Market na extens\u00e3o m\u00e1xima permitida pelas leis aplic\u00e1veis. A Utopia-Market n\u00e3o oferece nenhuma declara\u00e7\u00e3o, garantia ou aval com rela\u00e7\u00e3o \u00e0 confiabilidade, pontualidade, qualidade, adequa\u00e7\u00e3o, disponibilidade, corre\u00e7\u00e3o ou integridade do site. A Utopia-Market n\u00e3o faz nenhuma declara\u00e7\u00e3o ou d\u00e1 qualquer garantia de que o site ser\u00e1 seguro, oportuno, ininterrupto ou livre de erros, ou que funcionar\u00e1 em conjunto com qualquer outro hardware, software, sistema ou dados; que o site ou quaisquer produtos ou materiais obtidos por voc\u00ea por meio do site atender\u00e3o \u00e0s suas exig\u00eancias ou expectativas; ou que o site ou o(s) servidor(es) que o disponibilizam est\u00e3o livres de v\u00edrus ou outros componentes prejudiciais.<\/p><p>O site da Utopia-Market pode estar sujeito a limita\u00e7\u00f5es, interrup\u00e7\u00f5es e outros problemas inerentes ao uso da Internet e das comunica\u00e7\u00f5es eletr\u00f4nicas. A Utopia-Market n\u00e3o se responsabiliza por quaisquer atrasos, dificuldades de entrega ou outros danos causados por tais problemas. A Utopia-Market n\u00e3o faz declara\u00e7\u00f5es ou garantias de que as informa\u00e7\u00f5es dispon\u00edveis no site sejam precisas, abrangentes, confi\u00e1veis, recentes ou livres de erros, inclusive, sem limita\u00e7\u00e3o, informa\u00e7\u00f5es, v\u00eddeos, fotos ou descri\u00e7\u00f5es, pre\u00e7os, hor\u00e1rios de funcionamento ou avalia\u00e7\u00f5es. Todo o conte\u00fado \u00e9 fornecido apenas para fins informativos. Qualquer confian\u00e7a nas informa\u00e7\u00f5es fornecidas pelo site, incluindo, sem limita\u00e7\u00e3o, informa\u00e7\u00f5es de marketing ou publicidade, \u00e9 exclusivamente por sua conta e risco. Todos os planos, pre\u00e7os e requisitos est\u00e3o sujeitos a altera\u00e7\u00f5es e disponibilidade a qualquer momento. A menos que concordemos, voc\u00ea n\u00e3o pode nos obrigar a lhe fornecer alguns servi\u00e7os necess\u00e1rios.<\/p><p>A Utopia-Market n\u00e3o oferece nenhuma garantia, endosso, aval ou assun\u00e7\u00e3o de responsabilidade por qualquer produto ou site anunciado ou oferecido por um comerciante ou outro terceiro por meio do site ou de qualquer site com hiperlink ou servi\u00e7o de terceiros, e a Utopia-Market n\u00e3o far\u00e1 parte nem monitorar\u00e1 nenhuma transa\u00e7\u00e3o entre voc\u00ea e terceiros fornecedores de produtos ou servi\u00e7os.<\/p><p><strong>Limita\u00e7\u00e3o de responsabilidade:<\/strong><\/p><p>NA M\u00c1XIMA EXTENS\u00c3O PERMITIDA PELA LEGISLA\u00c7\u00c3O APLIC\u00c1VEL, a Utopia-Market OU SUAS AFILIADAS, OU QUALQUER DE SEUS RESPECTIVOS LICENCIANTES, PRESTADORES DE SERVI\u00c7O, FUNCION\u00c1RIOS, AGENTES, FUNCION\u00c1RIOS E DIRETORES, N\u00c3O TER\u00c3O NENHUMA RESPONSABILIDADE DECORRENTE OU RELACIONADA AO SEU USO OU \u00c0 INCAPACIDADE DE USAR O SERVI\u00c7O OU SEU CONTE\u00daDO, INCLUSIVE DANOS PESSOAIS, DANOS \u00c0 PROPRIEDADE, LUCROS CESSANTES, CUSTO DE BENS OU SERVI\u00c7OS SUBSTITUTOS, PERDA DE DADOS, PERDA DE FUNDO DE COM\u00c9RCIO, INTERRUP\u00c7\u00c3O DE NEG\u00d3CIOS, FALHA DE COMPUTADOR OU M\u00c1-F\u00c9. A RESPONSABILIDADE M\u00c1XIMA da Utopia-Market POR QUALQUER RECLAMA\u00c7\u00c3O DECORRENTE DOS SERVI\u00c7OS SER\u00c1 LIMITADA AO VALOR DAS TAXAS EFETIVAMENTE PAGAS POR VOC\u00ca \u00c0 Utopia-Market PELO SERVI\u00c7O OU PLANO APLIC\u00c1VEL, NOS TERMOS E CONDI\u00c7\u00d5ES, DURANTE O PER\u00cdODO DE 3 MESES IMEDIATAMENTE ANTERIOR AO IN\u00cdCIO DE QUALQUER RECLAMA\u00c7\u00c3O OU CAUSA DE A\u00c7\u00c3O, OU US$ 100, O QUE FOR MENOR.<\/p><p>O USO DO SITE \u00c9 FEITO INTEIRAMENTE POR SUA CONTA E RISCO. O USU\u00c1RIO \u00c9 O \u00daNICO RESPONS\u00c1VEL PELA PROTE\u00c7\u00c3O ADEQUADA E PELO BACKUP DOS DADOS E\/OU EQUIPAMENTOS USADOS EM CONEX\u00c3O COM O USO DO SERVI\u00c7O, E CONCORDA EM NOS INDENIZAR E SE COMPROMETE A N\u00c3O NOS PROCESSAR POR QUAISQUER RECLAMA\u00c7\u00d5ES BASEADAS NO USO DO SERVI\u00c7O, INCLUSIVE RECLAMA\u00c7\u00d5ES POR PERDA DE DADOS OU CONTE\u00daDO, ATRASOS NO TRABALHO OU LUCROS CESSANTES.<\/p><p>AS RESTRI\u00c7\u00d5ES ANTECIPADAS SE APLICAM QUAISQUER QUE SEJAM OS DANOS RESULTANTES DE UMA OBRIGA\u00c7\u00c3O CONTRATUAL, DELITO (INCLUINDO CAR\u00c1TER DELITUOSO) OU DE OUTRA FORMA, E INDEPENDENTEMENTE DE SE TAIS PERDAS E DANOS E SE ERAM PREVIS\u00cdVEIS OU SE A Utopia-Market FOI NOTIFICADA DA POTENCIALIDADE DE TAIS DANOS. CERTOS LIMITES DE RESPONSABILIDADE N\u00c3O S\u00c3O PERMITIDOS EM ALGUNS PA\u00cdSES, PORTANTO, ALGUMAS OU TODAS AS LIMITA\u00c7\u00d5ES DE RESPONSABILIDADE MENCIONADAS ACIMA PODEM N\u00c3O SE APLICAR A VOC\u00ca.<\/p><p>O ACIMA EXPOSTO N\u00c3O TEM RELA\u00c7\u00c3O COM QUALQUER RESPONSABILIDADE QUE N\u00c3O POSSA SER EXCLU\u00cdDA OU LIMITADA PELA LEGISLA\u00c7\u00c3O PERTINENTE.<\/p>\t\t\t\t\t\t\t\t<\/div>\n\t\t\t\t<\/div>\n\t\t\t\t\t<\/div>\n\t\t\t\t<\/div>\n\t\t\t\t<\/div>","protected":false},"excerpt":{"rendered":"<p>Your use of the website is entirely at your own risk. The website is provided \u201cas is\u201d and \u201cas available,\u201d without any express or implied warranties. all express, implied, statutory, [&hellip;]<\/p>","protected":false},"author":1,"featured_media":0,"parent":0,"menu_order":0,"comment_status":"closed","ping_status":"closed","template":"","meta":{"footnotes":""},"class_list":["post-1459","page","type-page","status-publish","hentry"],"_hostinger_reach_plugin_has_subscription_block":false,"_hostinger_reach_plugin_is_elementor":false,"_links":{"self":[{"href":"https:\/\/utopia-market.com\/pt\/wp-json\/wp\/v2\/pages\/1459","targetHints":{"allow":["GET"]}}],"collection":[{"href":"https:\/\/utopia-market.com\/pt\/wp-json\/wp\/v2\/pages"}],"about":[{"href":"https:\/\/utopia-market.com\/pt\/wp-json\/wp\/v2\/types\/page"}],"author":[{"embeddable":true,"href":"https:\/\/utopia-market.com\/pt\/wp-json\/wp\/v2\/users\/1"}],"replies":[{"embeddable":true,"href":"https:\/\/utopia-market.com\/pt\/wp-json\/wp\/v2\/comments?post=1459"}],"version-history":[{"count":4,"href":"https:\/\/utopia-market.com\/pt\/wp-json\/wp\/v2\/pages\/1459\/revisions"}],"predecessor-version":[{"id":1464,"href":"https:\/\/utopia-market.com\/pt\/wp-json\/wp\/v2\/pages\/1459\/revisions\/1464"}],"wp:attachment":[{"href":"https:\/\/utopia-market.com\/pt\/wp-json\/wp\/v2\/media?parent=1459"}],"curies":[{"name":"wp","href":"https:\/\/api.w.org\/{rel}","templated":true}]}}