{"id":1467,"date":"2023-12-19T19:47:17","date_gmt":"2023-12-19T19:47:17","guid":{"rendered":"https:\/\/firebrick-albatross-491920.hostingersite.com\/?page_id=1467"},"modified":"2023-12-19T19:48:14","modified_gmt":"2023-12-19T19:48:14","slug":"privacy-policy","status":"publish","type":"page","link":"https:\/\/utopia-market.com\/es\/privacy-policy\/","title":{"rendered":"Pol\u00edtica de privacidad"},"content":{"rendered":"<div data-elementor-type=\"wp-page\" data-elementor-id=\"1467\" class=\"elementor elementor-1467\">\n\t\t\t\t<div class=\"elementor-element elementor-element-f573261 e-flex e-con-boxed e-con e-parent\" data-id=\"f573261\" data-element_type=\"container\" data-e-type=\"container\">\n\t\t\t\t\t<div class=\"e-con-inner\">\n\t\t\t\t<div class=\"elementor-element elementor-element-c878818 elementor-widget elementor-widget-text-editor\" data-id=\"c878818\" data-element_type=\"widget\" data-e-type=\"widget\" data-widget_type=\"text-editor.default\">\n\t\t\t\t<div class=\"elementor-widget-container\">\n\t\t\t\t\t\t\t\t\t<p>Este es el Acuerdo de Pol\u00edtica de Privacidad (la \"Pol\u00edtica\") de\u00a0<a href=\"https:\/\/algo-spot.com\/\">https:\/\/ Utopia-Market com\/<\/a>En esta Pol\u00edtica, \u00a0<a href=\"http:\/\/www.algo-spot.com\/\"><strong>www.<\/strong> <strong>Utopia-Market.com<\/strong><\/a>\u00a0tambi\u00e9n puede denominarse \"nosotros\", \"nuestro\", \"nos\" o \"Utopia-Market\" y los usuarios, compradores, clientes, adquirentes, consumidores, navegantes y visitantes tambi\u00e9n pueden denominarse \"usted\" o \"su\". Esta Pol\u00edtica define de forma general el alcance de los datos que recopilamos de usted cuando utiliza o adquiere nuestros servicios. Utopia-Market es una empresa innovadora en el sector de la publicidad. Proporcionamos a nuestros clientes todas las herramientas que necesitan para participar y ganar dinero con los anuncios en l\u00ednea. Nuestra plataforma es f\u00e1cil de usar y proporciona a nuestros clientes acceso a una amplia gama de iniciativas, desde las m\u00e1s b\u00e1sicas hasta las m\u00e1s sofisticadas. Puede visitar la p\u00e1gina de inicio de nuestro sitio web para adquirir uno de los diversos planes que ofrecemos y que se ajustan a sus necesidades.<\/p><p>Para explicitar nuestras normas de privacidad, en esta Pol\u00edtica o Aviso trataremos los siguientes apartados.<\/p><ul><li>\u00bfC\u00f3mo recopilamos generalmente sus datos?<\/li><li>\u00bfUtilizamos cookies o no?<\/li><li>\u00bfC\u00f3mo utilizamos sus datos?<\/li><li>\u00bfC\u00f3mo compartimos sus datos?<\/li><li>\u00bfTransferimos datos?<\/li><li>\u00bfCu\u00e1les son nuestras medidas de seguridad para proteger sus datos?<\/li><li>\u00bfCu\u00e1les son sus derechos legales en virtud de esta Pol\u00edtica?<\/li><\/ul><p>En esta Pol\u00edtica, \"Datos\" se refiere a \"Informaci\u00f3n Personal Identificable\" sobre usted, incluyendo cualquier empresa o persona jur\u00eddica. Dicha informaci\u00f3n es necesaria como parte de nuestros servicios con el fin de proporcionarle servicios excelentes y precisos a tiempo. Algunos datos pueden ser utilizados por un socio de servicios externo para ayudarnos a completar la transacci\u00f3n. Queremos asegurarle que todos los datos que nos facilite son extremadamente importantes para nosotros como componente de seguridad, y no hacemos caso omiso de este hecho a la hora de prestar nuestros servicios.<\/p><p><strong>\u00bfC\u00f3mo recopilamos sus datos?<\/strong><\/p><p>Durante el uso de nuestro Sitio www. Utopia-Market.com, podemos solicitarle que nos proporcione informaci\u00f3n de identificaci\u00f3n personal que pueda ser utilizada para contactar con usted o identificarle (visitante). Su nombre es un ejemplo de informaci\u00f3n de identificaci\u00f3n personal, pero no es el \u00fanico..<\/p><ol><li>Podemos obtener tanto la informaci\u00f3n solicitada cuando usted se registra en el sitio como la informaci\u00f3n que usted decide proporcionar..<\/li><li>Tambi\u00e9n podemos solicitar su nombre, direcci\u00f3n de correo electr\u00f3nico, fecha de nacimiento, pa\u00eds y sexo. Para responder a sus comunicaciones, necesitamos direcciones de correo electr\u00f3nico de respuesta..<\/li><li>Podemos recabar informaci\u00f3n de usted en relaci\u00f3n con sus servicios necesarios, como marketing, publicidad, logotipos, dise\u00f1o de identidad, confianza o cualquier otro servicio necesario.<\/li><li>Su \"Informaci\u00f3n de contacto\" consiste en informaci\u00f3n personal y\/o de familiares\/amigos.<\/li><li>Informaci\u00f3n recibida en formularios por nosotros incluyendo, pero no limitado a, informaci\u00f3n personal como direcci\u00f3n, n\u00fameros de tel\u00e9fono y direcciones de correo electr\u00f3nico relacionadas con sus proyectos..<\/li><li>Informaci\u00f3n de facturaci\u00f3n: A efectos de facturaci\u00f3n, podemos solicitarle adicionalmente sus datos bancarios.<\/li><li>Adem\u00e1s, podemos recopilar sus pistas de contrase\u00f1a y otra informaci\u00f3n de seguridad necesaria para la verificaci\u00f3n y el acceso a la cuenta.<\/li><li>Cualquier otra informaci\u00f3n que sea necesaria para prestarle nuestros servicios..<\/li><\/ol><p><strong>\u00bfRecogemos y utilizamos cookies?<\/strong><\/p><p>Cuando visita o utiliza el sitio web, recopilamos autom\u00e1ticamente algunos datos. Estos datos no revelan su identidad en particular (como su nombre o informaci\u00f3n de contacto), pero pueden incluir datos del dispositivo y de uso, como su direcci\u00f3n de Internet, motor de b\u00fasqueda, y sobre la m\u00e1quina, servidor, prioridades de idioma, nombre del tel\u00e9fono y regi\u00f3n, detalles sobre c\u00f3mo y cu\u00e1ndo utiliza nuestra p\u00e1gina de inicio, y si utiliza y accede a nuestro sitio a trav\u00e9s de su tel\u00e9fono m\u00f3vil, los identificadores de su dispositivo, como ID del dispositivo, modelo, fabricante, sistema operativo y direcci\u00f3n IP. Esta informaci\u00f3n es necesaria en gran medida para mantener la seguridad y el funcionamiento de nuestro sitio por motivos de seguridad, as\u00ed como para an\u00e1lisis e informes internos. Nosotros, como muchas otras empresas, recopilamos informaci\u00f3n a trav\u00e9s de cookies y tecnolog\u00edas similares.<\/p><p>Una cookie es un peque\u00f1o archivo de texto que colocamos en su ordenador si usted da su consentimiento. Las cookies nos permiten diferenciarle de otros usuarios de nuestro sitio web y aplicaciones m\u00f3viles, lo que nos permite ofrecerle una experiencia de navegaci\u00f3n m\u00e1s personalizada. Las cookies, por ejemplo, se utilizan para los siguientes fines:<\/p><ul><li>Reconocer y calcular la cantidad de visitas, as\u00ed como ver c\u00f3mo se mueven los visitantes por el sitio mientras lo utilizan (esto nos ayuda a mejorar el funcionamiento de nuestro sitio web, por ejemplo, garantizando que los usuarios puedan encontrar lo que buscan).<\/li><li>reconocer sus elecciones y suscripciones, como la configuraci\u00f3n de idioma, los art\u00edculos guardados, los art\u00edculos de su cesta y la suscripci\u00f3n a Prime; y<\/li><li>Env\u00edo de boletines y comunicaciones comerciales\/publicitarias en funci\u00f3n de sus preferencias.<\/li><\/ul><p>Tambi\u00e9n podemos obtener informaci\u00f3n sobre usted de otras fuentes, como bases de datos p\u00fablicas, empresas de marketing conjunto, sitios de redes sociales (como Facebook) y otros terceros. Si desea suscribirse a nuestro bolet\u00edn, compartiremos su nombre, apellidos e informaci\u00f3n de correo electr\u00f3nico con nuestro proveedor de boletines.<\/p><p><strong>\u00bfC\u00f3mo utilizamos sus datos?<\/strong><\/p><p>Utilizamos su informaci\u00f3n personal por estos motivos bas\u00e1ndonos en nuestros intereses comerciales legales y leg\u00edtimos (\"Fines comerciales\"), para contraer o ejecutar un compromiso con usted (\"Contractual\"), con su permiso (\"Consentimiento\"), y\/o para cumplir con nuestras obligaciones legales.<\/p><p>Esta declaraci\u00f3n de privacidad explica c\u00f3mo tratamos y salvaguardamos cualquier informaci\u00f3n que nos proporcione al utilizar nuestro sitio web. www.sheesha.co se compromete a salvaguardar su privacidad. Nos reservamos el derecho a modificar esta pol\u00edtica en cualquier momento actualizando esta p\u00e1gina. Junto a cada uno de los fines indicados anteriormente, identificamos los motivos exactos de tratamiento de los que dependemos.<\/p><ol><li>Con el fin de registrarle como nuevo cliente.<\/li><li>Con el fin de procesar y entregar sus compras.<\/li><li>Para gestionar su conexi\u00f3n con nosotros.<\/li><li>Para permitirle participar en promociones, concursos y encuestas.<\/li><li>Para mejorar nuestro sitio web, aplicaciones, productos y servicios.<\/li><li>Para recomendar\/publicitar art\u00edculos o servicios que puedan interesarle.<\/li><li>Para cumplir con nuestras obligaciones legales, es posible que necesitemos verificar su identificaci\u00f3n.<\/li><li>Para detectar el fraude.<\/li><\/ol><p><strong>C\u00f3mo compartimos o divulgamos sus datos?<\/strong><\/p><p>En general, no realizamos divulgaciones il\u00edcitas, pero es posible que tengamos que revelar sus datos personales a terceros por los siguientes motivos:<\/p><ol><li>Venta de productos y servicios: Es posible que nos veamos obligados a compartir sus datos personales con terceros para ofrecer servicios o productos adquiridos en nuestro mercado a terceros.<\/li><li>Colaboraci\u00f3n con terceros proveedores de servicios: Podemos utilizar empresas de terceros para realizar tareas espec\u00edficas en nuestro nombre. Cumplimiento de pedidos de productos o servicios, entrega de art\u00edculos, an\u00e1lisis de los datos, asistencia en marketing, procesamiento de pagos, env\u00edo de informaci\u00f3n, evaluaci\u00f3n y gesti\u00f3n del riesgo crediticio y prestaci\u00f3n de asistencia al cliente son algunos ejemplos.<\/li><li>Traspasos de empresas: A medida que nuestra empresa crece, podemos vender o comprar otras empresas o servicios. En tales operaciones, la informaci\u00f3n de los clientes puede transferirse junto con otros activos de la empresa.<\/li><li>Detecci\u00f3n y notificaci\u00f3n de fraudes y abusos.<\/li><li>Cuando una autoridad legal competente, como un organismo de investigaci\u00f3n, solicite sus datos, cumpliremos.<\/li><\/ol><p>Cuando compartimos sus datos personales con terceros, necesitamos que se comprometan a utilizar sus datos conforme a lo acordado en este Aviso de Privacidad y Cookies, en nuestro Aviso de Privacidad y en la ley; y s\u00f3lo les permitimos tratar sus datos personales por motivos espec\u00edficos y bajo nuestras indicaciones. No permitimos que ninguno de nuestros proveedores externos utilice sus datos privados para sus propios objetivos.<\/p><p><strong>\u00bfTransferimos sus datos?<\/strong><\/p><p>Si lo permite la normativa pertinente de su jurisdicci\u00f3n, podemos transmitir sus datos personales a ubicaciones en otra naci\u00f3n. Dichas transferencias est\u00e1n plagadas de peligros.<\/p><p>Estableceremos las salvaguardas adecuadas para proteger sus datos personales en caso de transferencias internacionales de sus datos personales, y seguiremos respetando sus derechos legales de conformidad con las disposiciones del presente Aviso de Privacidad y Cookies y la legislaci\u00f3n pertinente de su lugar de residencia.<\/p><p><strong>\u00bfCu\u00e1les son nuestros procedimientos de seguridad para proteger sus datos?<\/strong><\/p><p>Hemos implementado las medidas de seguridad necesarias para proteger sus datos personales de p\u00e9rdidas, usos o accesos no autorizados, modificaciones o divulgaciones por error. Adem\u00e1s, restringimos el acceso a sus datos personales a empleados, agentes, contratistas y otros terceros que tengan una necesidad comercial leg\u00edtima de conocerlos. S\u00f3lo tratar\u00e1n sus datos personales si as\u00ed se lo indicamos, y est\u00e1n obligados a guardar secreto. Debe tener en cuenta que ning\u00fan sistema de seguridad de Internet es completamente seguro, pero hacemos todo lo posible para que sus datos est\u00e9n lo m\u00e1s protegidos posible.<\/p><p><strong>\u00bfCu\u00e1les son sus derechos legales en virtud de esta Pol\u00edtica?<\/strong><\/p><p>Es fundamental que la informaci\u00f3n personal que tenemos sobre usted sea correcta y est\u00e9 actualizada. Por favor, notif\u00edquenos si su informaci\u00f3n privada cambia a lo largo de su contacto con nosotros.<\/p><p>En determinadas condiciones, usted tiene derechos en relaci\u00f3n con sus datos personales en virtud de la normativa de protecci\u00f3n de datos, incluido el derecho a ver, actualizar o eliminar su informaci\u00f3n privada, oponerse o limitar el tratamiento de su informaci\u00f3n privada y darse de baja de nuestros correos y anuncios.<\/p><p><strong>Contacte con nosotros:<\/strong><\/p><p>Si necesita m\u00e1s informaci\u00f3n sobre nuestro aviso de privacidad, p\u00f3ngase en contacto con nosotros en cualquier momento utilizando la siguiente informaci\u00f3n:<\/p><p>Env\u00edenos un correo electr\u00f3nico:\u00a0<a href=\"mailto:support@algo-spot.com\"><strong>support@<\/strong> <strong>Utopia-Market.com<\/strong><\/a><\/p>\t\t\t\t\t\t\t\t<\/div>\n\t\t\t\t<\/div>\n\t\t\t\t\t<\/div>\n\t\t\t\t<\/div>\n\t\t\t\t<\/div>","protected":false},"excerpt":{"rendered":"<p>This is the Privacy Policy Agreement (the \u201cPolicy\u201d) of\u00a0https:\/\/ Utopia-Market com\/. In this Policy, \u00a0www. Utopia-Market.com\u00a0may also be referred to as \u201cwe\u201d, \u201cour\u201d, \u201cus\u201d or \u201cUtopia-Market\u201d and users, buyers, customers, [&hellip;]<\/p>","protected":false},"author":1,"featured_media":0,"parent":0,"menu_order":0,"comment_status":"closed","ping_status":"closed","template":"","meta":{"footnotes":""},"class_list":["post-1467","page","type-page","status-publish","hentry"],"_hostinger_reach_plugin_has_subscription_block":false,"_hostinger_reach_plugin_is_elementor":false,"_links":{"self":[{"href":"https:\/\/utopia-market.com\/es\/wp-json\/wp\/v2\/pages\/1467","targetHints":{"allow":["GET"]}}],"collection":[{"href":"https:\/\/utopia-market.com\/es\/wp-json\/wp\/v2\/pages"}],"about":[{"href":"https:\/\/utopia-market.com\/es\/wp-json\/wp\/v2\/types\/page"}],"author":[{"embeddable":true,"href":"https:\/\/utopia-market.com\/es\/wp-json\/wp\/v2\/users\/1"}],"replies":[{"embeddable":true,"href":"https:\/\/utopia-market.com\/es\/wp-json\/wp\/v2\/comments?post=1467"}],"version-history":[{"count":4,"href":"https:\/\/utopia-market.com\/es\/wp-json\/wp\/v2\/pages\/1467\/revisions"}],"predecessor-version":[{"id":1472,"href":"https:\/\/utopia-market.com\/es\/wp-json\/wp\/v2\/pages\/1467\/revisions\/1472"}],"wp:attachment":[{"href":"https:\/\/utopia-market.com\/es\/wp-json\/wp\/v2\/media?parent=1467"}],"curies":[{"name":"wp","href":"https:\/\/api.w.org\/{rel}","templated":true}]}}