{"id":1459,"date":"2023-12-19T19:43:47","date_gmt":"2023-12-19T19:43:47","guid":{"rendered":"https:\/\/firebrick-albatross-491920.hostingersite.com\/?page_id=1459"},"modified":"2023-12-19T19:44:34","modified_gmt":"2023-12-19T19:44:34","slug":"disclaimer-of-warranties","status":"publish","type":"page","link":"https:\/\/utopia-market.com\/es\/disclaimer-of-warranties\/","title":{"rendered":"Exclusi\u00f3n de garant\u00edas"},"content":{"rendered":"<div data-elementor-type=\"wp-page\" data-elementor-id=\"1459\" class=\"elementor elementor-1459\">\n\t\t\t\t<div class=\"elementor-element elementor-element-8434254 e-flex e-con-boxed e-con e-parent\" data-id=\"8434254\" data-element_type=\"container\" data-e-type=\"container\">\n\t\t\t\t\t<div class=\"e-con-inner\">\n\t\t\t\t<div class=\"elementor-element elementor-element-bc3b9f6 elementor-widget elementor-widget-text-editor\" data-id=\"bc3b9f6\" data-element_type=\"widget\" data-e-type=\"widget\" data-widget_type=\"text-editor.default\">\n\t\t\t\t<div class=\"elementor-widget-container\">\n\t\t\t\t\t\t\t\t\t<p>El uso que usted haga del sitio web corre enteramente por su cuenta y riesgo. El sitio web se proporciona \"tal cual\" y \"seg\u00fan est\u00e9 disponible\", sin ninguna garant\u00eda expresa o impl\u00edcita. Todas las representaciones y garant\u00edas expresas, impl\u00edcitas, estatutarias o de otro tipo, incluyendo, sin limitaci\u00f3n, cualquier garant\u00eda impl\u00edcita de comerciabilidad, idoneidad para un prop\u00f3sito particular o no infracci\u00f3n de los derechos de terceros, son por la presente rechazadas por Utopia-Market en la m\u00e1xima medida permitida por las leyes aplicables. Utopia-Market no proporciona ninguna representaci\u00f3n, garant\u00eda o garant\u00eda con respecto a la fiabilidad, puntualidad, calidad, adecuaci\u00f3n, disponibilidad, correcci\u00f3n o integridad del sitio web. Utopia-Market no declara ni garantiza que el sitio web sea seguro, puntual, ininterrumpido o est\u00e9 libre de errores, ni que funcione conjuntamente con cualquier otro hardware, software, sistema o datos; que el sitio web o cualquier producto o material obtenido por usted a trav\u00e9s del sitio web satisfaga sus requisitos o expectativas; o que el sitio web o el servidor o servidores que hacen que el sitio web est\u00e9 disponible est\u00e9n libres de virus u otros componentes da\u00f1inos.<\/p><p>El sitio web de Utopia-Market puede estar sujeto a limitaciones, interrupciones y otros problemas inherentes al uso de Internet y las comunicaciones electr\u00f3nicas. Utopia-Market no se hace responsable de los retrasos, dificultades de entrega u otros perjuicios causados por dichos problemas. Utopia-Market no declara ni garantiza que la informaci\u00f3n disponible en el sitio web sea exacta, completa, fiable, reciente o libre de errores, incluyendo, sin limitaci\u00f3n, informaci\u00f3n, v\u00eddeos, fotos o descripciones, precios, horarios de funcionamiento o evaluaciones. Todo el contenido se ofrece \u00fanicamente con fines informativos. Cualquier confianza en la informaci\u00f3n facilitada a trav\u00e9s del sitio web, incluida sin limitaci\u00f3n la informaci\u00f3n de marketing o publicidad, corre exclusivamente por su cuenta y riesgo. Todos los planes, precios y requisitos est\u00e1n sujetos a cambios y disponibilidad en cualquier momento. A menos que estemos de acuerdo, usted no puede obligarnos a prestarle algunos servicios necesarios.<\/p><p>Utopia-Market no garantiza, avala, avala ni asume responsabilidad alguna por ning\u00fan producto o sitio web anunciado u ofrecido por un comerciante u otro tercero a trav\u00e9s del sitio web o de cualquier sitio web hipervinculado o servicio de terceros, y Utopia-Market no ser\u00e1 parte ni supervisar\u00e1 ninguna transacci\u00f3n entre usted y terceros proveedores de productos o servicios.<\/p><p><strong>Limitaci\u00f3n de responsabilidad:<\/strong><\/p><p>EN LA MEDIDA EN QUE LO PERMITA LA LEY APLICABLE, Utopia-Market O SUS FILIALES, O CUALQUIERA DE SUS LICENCIATARIOS, PROVEEDORES DE SERVICIOS, EMPLEADOS, AGENTES, OFICIALES Y DIRECTORES RESPECTIVOS, NO TENDR\u00c1N NINGUNA RESPONSABILIDAD DERIVADA O RELACIONADA CON EL USO O LA IMPOSIBILIDAD DE USAR EL SERVICIO O SU CONTENIDO, INCLUIDOS DA\u00d1OS PERSONALES, DA\u00d1OS MATERIALES, P\u00c9RDIDA DE BENEFICIOS, COSTE DE BIENES O SERVICIOS SUSTITUTIVOS, P\u00c9RDIDA DE DATOS, P\u00c9RDIDA DE FONDO DE COMERCIO, INTERRUPCI\u00d3N DE LA ACTIVIDAD EMPRESARIAL, FALLO INFORM\u00c1TICO O MALA CONDUCTA. LA RESPONSABILIDAD M\u00c1XIMA DE Utopia-Market POR CUALQUIER RECLAMACI\u00d3N DERIVADA DE LOS SERVICIOS ESTAR\u00c1 LIMITADA AL IMPORTE DE LAS CUOTAS REALMENTE PAGADAS POR USTED A Utopia-Market POR EL SERVICIO O PLAN APLICABLE SEG\u00daN LOS T\u00c9RMINOS Y CONDICIONES DURANTE EL PER\u00cdODO DE 3 MESES INMEDIATAMENTE ANTERIOR AL INICIO DE CUALQUIER RECLAMACI\u00d3N O CAUSA DE ACCI\u00d3N, O A 100 $, EL IMPORTE QUE SEA MENOR.<\/p><p>EL USO DEL SITIO WEB CORRE ENTERAMENTE POR SU CUENTA Y RIESGO. USTED ES EL \u00daNICO RESPONSABLE DE LA ADECUADA PROTECCI\u00d3N Y COPIA DE SEGURIDAD DE LOS DATOS Y\/O EQUIPOS UTILIZADOS EN RELACI\u00d3N CON SU USO DEL SERVICIO, Y ACEPTA INDEMNIZARNOS Y COMPROMETERSE A NO DEMANDARNOS POR CUALQUIER RECLAMACI\u00d3N BASADA EN SU USO DEL SERVICIO, INCLUIDAS LAS RECLAMACIONES POR P\u00c9RDIDA DE DATOS O CONTENIDOS, RETRASOS EN EL TRABAJO O LUCRO CESANTE.<\/p><p>LAS RESTRICCIONES AFOREMENCIONADAS SE APLICAN TANTO SI TALES DA\u00d1OS RESULTAN DE UNA OBLIGACI\u00d3N CONTRACTUAL, AGRAVIO (INCLUIDA LA CARELESSNESS), O POR OTRA PARTE, E INDEPENDIENTEMENTE DE SI TALES P\u00c9RDIDAS ERAN PREVISIBLES O Utopia-Market FUE NOTIFICADA DE LA POTENCIALIDAD DE TALES DA\u00d1OS. CIERTOS L\u00cdMITES DE RESPONSABILIDAD NO EST\u00c1N PERMITIDOS EN ALGUNOS PA\u00cdSES, POR LO QUE ES POSIBLE QUE ALGUNAS O TODAS LAS LIMITACIONES DE RESPONSABILIDAD ANTES MENCIONADAS NO SEAN APLICABLES EN SU CASO.<\/p><p>LO ANTERIOR NO AFECTA A NINGUNA RESPONSABILIDAD QUE NO PUEDA SER EXCLUIDA O LIMITADA POR LA LEGISLACI\u00d3N PERTINENTE.<\/p>\t\t\t\t\t\t\t\t<\/div>\n\t\t\t\t<\/div>\n\t\t\t\t\t<\/div>\n\t\t\t\t<\/div>\n\t\t\t\t<\/div>","protected":false},"excerpt":{"rendered":"<p>Your use of the website is entirely at your own risk. The website is provided \u201cas is\u201d and \u201cas available,\u201d without any express or implied warranties. all express, implied, statutory, [&hellip;]<\/p>","protected":false},"author":1,"featured_media":0,"parent":0,"menu_order":0,"comment_status":"closed","ping_status":"closed","template":"","meta":{"footnotes":""},"class_list":["post-1459","page","type-page","status-publish","hentry"],"_hostinger_reach_plugin_has_subscription_block":false,"_hostinger_reach_plugin_is_elementor":false,"_links":{"self":[{"href":"https:\/\/utopia-market.com\/es\/wp-json\/wp\/v2\/pages\/1459","targetHints":{"allow":["GET"]}}],"collection":[{"href":"https:\/\/utopia-market.com\/es\/wp-json\/wp\/v2\/pages"}],"about":[{"href":"https:\/\/utopia-market.com\/es\/wp-json\/wp\/v2\/types\/page"}],"author":[{"embeddable":true,"href":"https:\/\/utopia-market.com\/es\/wp-json\/wp\/v2\/users\/1"}],"replies":[{"embeddable":true,"href":"https:\/\/utopia-market.com\/es\/wp-json\/wp\/v2\/comments?post=1459"}],"version-history":[{"count":4,"href":"https:\/\/utopia-market.com\/es\/wp-json\/wp\/v2\/pages\/1459\/revisions"}],"predecessor-version":[{"id":1464,"href":"https:\/\/utopia-market.com\/es\/wp-json\/wp\/v2\/pages\/1459\/revisions\/1464"}],"wp:attachment":[{"href":"https:\/\/utopia-market.com\/es\/wp-json\/wp\/v2\/media?parent=1459"}],"curies":[{"name":"wp","href":"https:\/\/api.w.org\/{rel}","templated":true}]}}